{"id":464,"date":"2016-09-26T18:44:47","date_gmt":"2016-09-26T17:44:47","guid":{"rendered":"http:\/\/carantos.be\/?page_id=464&#038;lang=fr"},"modified":"2023-06-24T09:35:47","modified_gmt":"2023-06-24T08:35:47","slug":"home","status":"publish","type":"page","link":"https:\/\/carantos.be\/fr\/","title":{"rendered":"Home"},"content":{"rendered":"<div id=\"cs-content\" class=\"cs-content\"><\/div>\n","protected":false},"excerpt":{"rendered":"<p>Notre raison d\u2019\u00eatre est de vous proposer du bon caf\u00e9. Il vous reste qu\u2019\u00e0 le servir. Carantos est une usine de torr\u00e9faction authentique qui n\u2019a qu\u2019une seule mission : la cr\u00e9ation d\u2019un espresso parfait. Nous vous proposons du go\u00fbt, de l\u2019ar\u00f4me, de la connaissance, du savoir-faire et de la passion, tout cela concentr\u00e9s dans une tasse de caf\u00e9 irr\u00e9sistible. Caf\u00e9 &#8230; <\/p>\n<div><a href=\"https:\/\/carantos.be\/fr\/\" class=\"more-link\">Read More<\/a><\/div>\n","protected":false},"author":2,"featured_media":0,"parent":0,"menu_order":0,"comment_status":"open","ping_status":"open","template":"template-blank-4.php","meta":{"footnotes":""},"acf":[],"_links":{"self":[{"href":"https:\/\/carantos.be\/fr\/wp-json\/wp\/v2\/pages\/464"}],"collection":[{"href":"https:\/\/carantos.be\/fr\/wp-json\/wp\/v2\/pages"}],"about":[{"href":"https:\/\/carantos.be\/fr\/wp-json\/wp\/v2\/types\/page"}],"author":[{"embeddable":true,"href":"https:\/\/carantos.be\/fr\/wp-json\/wp\/v2\/users\/2"}],"replies":[{"embeddable":true,"href":"https:\/\/carantos.be\/fr\/wp-json\/wp\/v2\/comments?post=464"}],"version-history":[{"count":4,"href":"https:\/\/carantos.be\/fr\/wp-json\/wp\/v2\/pages\/464\/revisions"}],"predecessor-version":[{"id":674,"href":"https:\/\/carantos.be\/fr\/wp-json\/wp\/v2\/pages\/464\/revisions\/674"}],"wp:attachment":[{"href":"https:\/\/carantos.be\/fr\/wp-json\/wp\/v2\/media?parent=464"}],"curies":[{"name":"wp","href":"https:\/\/api.w.org\/{rel}","templated":true}]}}