{"id":468,"date":"2016-09-26T19:09:58","date_gmt":"2016-09-26T18:09:58","guid":{"rendered":"http:\/\/carantos.be\/?page_id=468&#038;lang=fr"},"modified":"2023-06-24T09:50:25","modified_gmt":"2023-06-24T08:50:25","slug":"cafe-et-the","status":"publish","type":"page","link":"https:\/\/carantos.be\/fr\/cafe-et-the\/","title":{"rendered":"Caf\u00e9 et th\u00e9"},"content":{"rendered":"<div id=\"cs-content\" class=\"cs-content\"><\/div>\n","protected":false},"excerpt":{"rendered":"<p>Nouer une relation avec nous. Vous avez un propre \u00e9tablissement avec une vision claire de ce que vous voulez obtenir. Vous avez un concept et vous \u00eates \u00e0 la recherche des meilleurs produits pour le r\u00e9aliser. Chaque maillon, chaque produit doit \u00eatre au top et soutenir votre concept.Cultivateur\/ Torr\u00e9facteur\/ BaristaNous investissons en une bonne et longue relation avec nos clients. &#8230; <\/p>\n<div><a href=\"https:\/\/carantos.be\/fr\/cafe-et-the\/\" class=\"more-link\">Read More<\/a><\/div>\n","protected":false},"author":2,"featured_media":0,"parent":0,"menu_order":0,"comment_status":"open","ping_status":"open","template":"template-blank-4.php","meta":{"footnotes":""},"acf":[],"_links":{"self":[{"href":"https:\/\/carantos.be\/fr\/wp-json\/wp\/v2\/pages\/468"}],"collection":[{"href":"https:\/\/carantos.be\/fr\/wp-json\/wp\/v2\/pages"}],"about":[{"href":"https:\/\/carantos.be\/fr\/wp-json\/wp\/v2\/types\/page"}],"author":[{"embeddable":true,"href":"https:\/\/carantos.be\/fr\/wp-json\/wp\/v2\/users\/2"}],"replies":[{"embeddable":true,"href":"https:\/\/carantos.be\/fr\/wp-json\/wp\/v2\/comments?post=468"}],"version-history":[{"count":6,"href":"https:\/\/carantos.be\/fr\/wp-json\/wp\/v2\/pages\/468\/revisions"}],"predecessor-version":[{"id":719,"href":"https:\/\/carantos.be\/fr\/wp-json\/wp\/v2\/pages\/468\/revisions\/719"}],"wp:attachment":[{"href":"https:\/\/carantos.be\/fr\/wp-json\/wp\/v2\/media?parent=468"}],"curies":[{"name":"wp","href":"https:\/\/api.w.org\/{rel}","templated":true}]}}