{"id":482,"date":"2016-12-04T13:19:49","date_gmt":"2016-12-04T12:19:49","guid":{"rendered":"http:\/\/carantos.be\/fr\/?page_id=482"},"modified":"2023-06-24T09:57:20","modified_gmt":"2023-06-24T08:57:20","slug":"contact","status":"publish","type":"page","link":"https:\/\/carantos.be\/fr\/contact\/","title":{"rendered":"Contact"},"content":{"rendered":"<div id=\"cs-content\" class=\"cs-content\"><\/div>\n","protected":false},"excerpt":{"rendered":"<p>Contact Info Gildestraat 8 8370 Blankenberge Belgique T. +32 50 41 16 08 info@carantos.be Nom* Email* Sujet MessageGDPR* J&rsquo;accepte que CARANTOS enregistre mes donn\u00e9es ci-dessus dans son fichier clients. Ces donn\u00e9es seront utilis\u00e9es \u00e0 des fins de marketing par e-mail, c&rsquo;est-\u00e0-dire pour promouvoir certains services\/produits. Vos donn\u00e9es ne seront pas transmises \u00e0 des tiers. Vous pouvez nous joindre sur 050 &#8230; <\/p>\n<div><a href=\"https:\/\/carantos.be\/fr\/contact\/\" class=\"more-link\">Read More<\/a><\/div>\n","protected":false},"author":1,"featured_media":0,"parent":0,"menu_order":0,"comment_status":"open","ping_status":"open","template":"template-blank-4.php","meta":{"footnotes":""},"acf":[],"_links":{"self":[{"href":"https:\/\/carantos.be\/fr\/wp-json\/wp\/v2\/pages\/482"}],"collection":[{"href":"https:\/\/carantos.be\/fr\/wp-json\/wp\/v2\/pages"}],"about":[{"href":"https:\/\/carantos.be\/fr\/wp-json\/wp\/v2\/types\/page"}],"author":[{"embeddable":true,"href":"https:\/\/carantos.be\/fr\/wp-json\/wp\/v2\/users\/1"}],"replies":[{"embeddable":true,"href":"https:\/\/carantos.be\/fr\/wp-json\/wp\/v2\/comments?post=482"}],"version-history":[{"count":6,"href":"https:\/\/carantos.be\/fr\/wp-json\/wp\/v2\/pages\/482\/revisions"}],"predecessor-version":[{"id":727,"href":"https:\/\/carantos.be\/fr\/wp-json\/wp\/v2\/pages\/482\/revisions\/727"}],"wp:attachment":[{"href":"https:\/\/carantos.be\/fr\/wp-json\/wp\/v2\/media?parent=482"}],"curies":[{"name":"wp","href":"https:\/\/api.w.org\/{rel}","templated":true}]}}